{"id":3421,"date":"2021-03-18T17:27:37","date_gmt":"2021-03-18T16:27:37","guid":{"rendered":"https:\/\/koschaum.de\/koschaumneu\/?page_id=3421"},"modified":"2023-07-17T12:04:59","modified_gmt":"2023-07-17T10:04:59","slug":"verantwortung","status":"publish","type":"page","link":"https:\/\/koschaum.de\/en\/responsibility\/","title":{"rendered":"Responsibilty"},"content":{"rendered":"<p><div class=\"fusion-fullwidth fullwidth-box fusion-builder-row-1 fusion-flex-container nonhundred-percent-fullwidth non-hundred-percent-height-scrolling\" style=\"--awb-border-radius-top-left:0px;--awb-border-radius-top-right:0px;--awb-border-radius-bottom-right:0px;--awb-border-radius-bottom-left:0px;\" ><div class=\"fusion-builder-row fusion-row fusion-flex-align-items-flex-start\" style=\"max-width:1289.6px;margin-left: calc(-4% \/ 2 );margin-right: calc(-4% \/ 2 );\"><div class=\"fusion-layout-column fusion_builder_column fusion-builder-column-0 fusion_builder_column_1_1 1_1 fusion-flex-column\" style=\"--awb-bg-size:cover;--awb-width-large:100%;--awb-margin-top-large:0px;--awb-spacing-right-large:1.92%;--awb-margin-bottom-large:20px;--awb-spacing-left-large:1.92%;--awb-width-medium:100%;--awb-order-medium:0;--awb-spacing-right-medium:1.92%;--awb-spacing-left-medium:1.92%;--awb-width-small:100%;--awb-order-small:0;--awb-spacing-right-small:1.92%;--awb-spacing-left-small:1.92%;\"><div class=\"fusion-column-wrapper fusion-column-has-shadow fusion-flex-justify-content-flex-start fusion-content-layout-column\"><div class=\"fusion-title title fusion-title-1 fusion-title-text fusion-title-size-two\" style=\"--awb-text-color:#009fe3;--awb-margin-bottom:15px;--awb-font-size:28px;\"><div class=\"title-sep-container title-sep-container-left fusion-no-large-visibility fusion-no-medium-visibility fusion-no-small-visibility\"><div class=\"title-sep sep- sep-solid\" style=\"border-color:#e2e2e2;\"><\/div><\/div><span class=\"awb-title-spacer fusion-no-large-visibility fusion-no-medium-visibility fusion-no-small-visibility\"><\/span><h2 class=\"title-heading-left fusion-responsive-typography-calculated\" style=\"margin:0;font-size:1em;--fontSize:28;line-height:1.4;\">Environmental Protection<\/h2><span class=\"awb-title-spacer\"><\/span><div class=\"title-sep-container title-sep-container-right\"><div class=\"title-sep sep- sep-solid\" style=\"border-color:#e2e2e2;\"><\/div><\/div><\/div><ul style=\"--awb-size:18px;--awb-line-height:30.6px;--awb-icon-width:30.6px;--awb-icon-height:30.6px;--awb-icon-margin:12.6px;--awb-content-margin:43.2px;--awb-circlecolor:#a0ce4e;--awb-circle-yes-font-size:15.84px;\" class=\"fusion-checklist fusion-checklist-1 fusion-checklist-default fusion-checklist-divider type-icons\"><li class=\"fusion-li-item\" style=\"\"><span class=\"icon-wrapper circle-yes\"><i class=\"fusion-li-icon awb-icon-check\" aria-hidden=\"true\"><\/i><\/span><div class=\"fusion-li-item-content\">\n<p>Our own photovoltaics for the production of the electricity we consume<\/p>\n<\/div><\/li><li class=\"fusion-li-item\" style=\"\"><span class=\"icon-wrapper circle-yes\"><i class=\"fusion-li-icon awb-icon-check\" aria-hidden=\"true\"><\/i><\/span><div class=\"fusion-li-item-content\">\n<p>Own clarification of the waste water before discharge<\/p>\n<\/div><\/li><li class=\"fusion-li-item\" style=\"\"><span class=\"icon-wrapper circle-yes\"><i class=\"fusion-li-icon awb-icon-check\" aria-hidden=\"true\"><\/i><\/span><div class=\"fusion-li-item-content\">\n<p>We work without solvents - our adhesives are all water-based<\/p>\n<\/div><\/li><li class=\"fusion-li-item\" style=\"\"><span class=\"icon-wrapper circle-yes\"><i class=\"fusion-li-icon awb-icon-check\" aria-hidden=\"true\"><\/i><\/span><div class=\"fusion-li-item-content\">\n<p>Use of recycled or recyclable raw materials wherever feasible<\/p>\n<\/div><\/li><li class=\"fusion-li-item\" style=\"\"><span class=\"icon-wrapper circle-yes\"><i class=\"fusion-li-icon awb-icon-check\" aria-hidden=\"true\"><\/i><\/span><div class=\"fusion-li-item-content\">\n<p>Converting our fleet of company cars to EVs or hybrids<\/p>\n<\/div><\/li><\/ul><\/div><\/div><\/div><\/div><div class=\"fusion-fullwidth fullwidth-box fusion-builder-row-2 fusion-flex-container nonhundred-percent-fullwidth non-hundred-percent-height-scrolling\" style=\"--awb-border-radius-top-left:0px;--awb-border-radius-top-right:0px;--awb-border-radius-bottom-right:0px;--awb-border-radius-bottom-left:0px;--awb-margin-top:50px;\" ><div class=\"fusion-builder-row fusion-row fusion-flex-align-items-flex-start\" style=\"max-width:1289.6px;margin-left: calc(-4% \/ 2 );margin-right: calc(-4% \/ 2 );\"><div class=\"fusion-layout-column fusion_builder_column fusion-builder-column-1 fusion_builder_column_1_1 1_1 fusion-flex-column\" style=\"--awb-bg-size:cover;--awb-width-large:100%;--awb-margin-top-large:0px;--awb-spacing-right-large:1.92%;--awb-margin-bottom-large:20px;--awb-spacing-left-large:1.92%;--awb-width-medium:100%;--awb-order-medium:0;--awb-spacing-right-medium:1.92%;--awb-spacing-left-medium:1.92%;--awb-width-small:100%;--awb-order-small:0;--awb-spacing-right-small:1.92%;--awb-spacing-left-small:1.92%;\"><div class=\"fusion-column-wrapper fusion-column-has-shadow fusion-flex-justify-content-flex-start fusion-content-layout-column\"><div class=\"fusion-title title fusion-title-2 fusion-title-text fusion-title-size-three\" style=\"--awb-text-color:#009fe3;--awb-margin-bottom:15px;--awb-font-size:28px;\"><div class=\"title-sep-container title-sep-container-left fusion-no-large-visibility fusion-no-medium-visibility fusion-no-small-visibility\"><div class=\"title-sep sep- sep-solid\" style=\"border-color:#e2e2e2;\"><\/div><\/div><span class=\"awb-title-spacer fusion-no-large-visibility fusion-no-medium-visibility fusion-no-small-visibility\"><\/span><h3 class=\"title-heading-left fusion-responsive-typography-calculated\" style=\"margin:0;font-size:1em;--fontSize:28;line-height:1.4;\">Responsibilty<\/h3><span class=\"awb-title-spacer\"><\/span><div class=\"title-sep-container title-sep-container-right\"><div class=\"title-sep sep- sep-solid\" style=\"border-color:#e2e2e2;\"><\/div><\/div><\/div><ul style=\"--awb-size:18px;--awb-line-height:30.6px;--awb-icon-width:30.6px;--awb-icon-height:30.6px;--awb-icon-margin:12.6px;--awb-content-margin:43.2px;--awb-circlecolor:#a0ce4e;--awb-circle-yes-font-size:15.84px;\" class=\"fusion-checklist fusion-checklist-2 fusion-checklist-default fusion-checklist-divider type-icons\"><li class=\"fusion-li-item\" style=\"\"><span class=\"icon-wrapper circle-yes\"><i class=\"fusion-li-icon awb-icon-check\" aria-hidden=\"true\"><\/i><\/span><div class=\"fusion-li-item-content\">\n<p>We support local associations and non-profits in their valuable work for society<\/p>\n<\/div><\/li><\/ul><\/div><\/div><\/div><\/div><\/p>","protected":false},"excerpt":{"rendered":"","protected":false},"author":1,"featured_media":4051,"parent":0,"menu_order":0,"comment_status":"closed","ping_status":"closed","template":"","meta":{"footnotes":""},"class_list":["post-3421","page","type-page","status-publish","has-post-thumbnail","hentry"],"yoast_head":"<!-- This site is optimized with the Yoast SEO plugin v26.9 - https:\/\/yoast.com\/product\/yoast-seo-wordpress\/ -->\n<title>Verantwortung - Koschaum GmbH<\/title>\n<meta name=\"description\" content=\"Wir unterst\u00fctzen lokale Vereine und gemeinn\u00fctzige Einrichtungen bei Ihrer wertvollen Arbeit f\u00fcr die Gesellschaft.\" \/>\n<meta name=\"robots\" content=\"index, follow, max-snippet:-1, max-image-preview:large, max-video-preview:-1\" \/>\n<link rel=\"canonical\" href=\"https:\/\/koschaum.de\/en\/verantwortung\/\" \/>\n<meta property=\"og:locale\" content=\"en_GB\" \/>\n<meta property=\"og:type\" content=\"article\" \/>\n<meta property=\"og:title\" content=\"Verantwortung - Koschaum GmbH\" \/>\n<meta property=\"og:description\" content=\"Wir unterst\u00fctzen lokale Vereine und gemeinn\u00fctzige Einrichtungen bei Ihrer wertvollen Arbeit f\u00fcr die Gesellschaft.\" \/>\n<meta property=\"og:url\" content=\"https:\/\/koschaum.de\/en\/verantwortung\/\" \/>\n<meta property=\"og:site_name\" content=\"Koschaum GmbH\" \/>\n<meta property=\"article:modified_time\" content=\"2023-07-17T10:04:59+00:00\" \/>\n<meta property=\"og:image\" content=\"https:\/\/koschaum.de\/wp-content\/uploads\/2023\/05\/Umweltschutz.jpg\" \/>\n\t<meta property=\"og:image:width\" content=\"1920\" \/>\n\t<meta property=\"og:image:height\" content=\"720\" \/>\n\t<meta property=\"og:image:type\" content=\"image\/jpeg\" \/>\n<meta name=\"twitter:card\" content=\"summary_large_image\" \/>\n<meta name=\"twitter:label1\" content=\"Estimated reading time\" \/>\n\t<meta name=\"twitter:data1\" content=\"2 minutes\" \/>\n<script type=\"application\/ld+json\" class=\"yoast-schema-graph\">{\"@context\":\"https:\/\/schema.org\",\"@graph\":[{\"@type\":\"WebPage\",\"@id\":\"https:\/\/koschaum.de\/verantwortung\/\",\"url\":\"https:\/\/koschaum.de\/verantwortung\/\",\"name\":\"Verantwortung - Koschaum GmbH\",\"isPartOf\":{\"@id\":\"https:\/\/koschaum.de\/#website\"},\"primaryImageOfPage\":{\"@id\":\"https:\/\/koschaum.de\/verantwortung\/#primaryimage\"},\"image\":{\"@id\":\"https:\/\/koschaum.de\/verantwortung\/#primaryimage\"},\"thumbnailUrl\":\"https:\/\/koschaum.de\/wp-content\/uploads\/2023\/05\/Umweltschutz.jpg\",\"datePublished\":\"2021-03-18T16:27:37+00:00\",\"dateModified\":\"2023-07-17T10:04:59+00:00\",\"description\":\"Wir unterst\u00fctzen lokale Vereine und gemeinn\u00fctzige Einrichtungen bei Ihrer wertvollen Arbeit f\u00fcr die Gesellschaft.\",\"breadcrumb\":{\"@id\":\"https:\/\/koschaum.de\/verantwortung\/#breadcrumb\"},\"inLanguage\":\"en-GB\",\"potentialAction\":[{\"@type\":\"ReadAction\",\"target\":[\"https:\/\/koschaum.de\/verantwortung\/\"]}]},{\"@type\":\"ImageObject\",\"inLanguage\":\"en-GB\",\"@id\":\"https:\/\/koschaum.de\/verantwortung\/#primaryimage\",\"url\":\"https:\/\/koschaum.de\/wp-content\/uploads\/2023\/05\/Umweltschutz.jpg\",\"contentUrl\":\"https:\/\/koschaum.de\/wp-content\/uploads\/2023\/05\/Umweltschutz.jpg\",\"width\":1920,\"height\":720,\"caption\":\"Verantwortung - Koschaum GmbH\"},{\"@type\":\"BreadcrumbList\",\"@id\":\"https:\/\/koschaum.de\/verantwortung\/#breadcrumb\",\"itemListElement\":[{\"@type\":\"ListItem\",\"position\":1,\"name\":\"Startseite\",\"item\":\"https:\/\/koschaum.de\/\"},{\"@type\":\"ListItem\",\"position\":2,\"name\":\"Verantwortung\"}]},{\"@type\":\"WebSite\",\"@id\":\"https:\/\/koschaum.de\/#website\",\"url\":\"https:\/\/koschaum.de\/\",\"name\":\"Koschaum GmbH\",\"description\":\"Koschaum\",\"publisher\":{\"@id\":\"https:\/\/koschaum.de\/#organization\"},\"potentialAction\":[{\"@type\":\"SearchAction\",\"target\":{\"@type\":\"EntryPoint\",\"urlTemplate\":\"https:\/\/koschaum.de\/?s={search_term_string}\"},\"query-input\":{\"@type\":\"PropertyValueSpecification\",\"valueRequired\":true,\"valueName\":\"search_term_string\"}}],\"inLanguage\":\"en-GB\"},{\"@type\":\"Organization\",\"@id\":\"https:\/\/koschaum.de\/#organization\",\"name\":\"Koschaum GmbH\",\"url\":\"https:\/\/koschaum.de\/\",\"logo\":{\"@type\":\"ImageObject\",\"inLanguage\":\"en-GB\",\"@id\":\"https:\/\/koschaum.de\/#\/schema\/logo\/image\/\",\"url\":\"https:\/\/koschaum.de\/wp-content\/uploads\/2021\/03\/Koschaum_Logo_mobil_retina.png\",\"contentUrl\":\"https:\/\/koschaum.de\/wp-content\/uploads\/2021\/03\/Koschaum_Logo_mobil_retina.png\",\"width\":400,\"height\":115,\"caption\":\"Koschaum GmbH\"},\"image\":{\"@id\":\"https:\/\/koschaum.de\/#\/schema\/logo\/image\/\"}}]}<\/script>\n<!-- \/ Yoast SEO plugin. -->","yoast_head_json":{"title":"Verantwortung - Koschaum GmbH","description":"We support local associations and non-profits in their valuable work for society","robots":{"index":"index","follow":"follow","max-snippet":"max-snippet:-1","max-image-preview":"max-image-preview:large","max-video-preview":"max-video-preview:-1"},"canonical":"https:\/\/koschaum.de\/en\/verantwortung\/","og_locale":"en_GB","og_type":"article","og_title":"Verantwortung - Koschaum GmbH","og_description":"Wir unterst\u00fctzen lokale Vereine und gemeinn\u00fctzige Einrichtungen bei Ihrer wertvollen Arbeit f\u00fcr die Gesellschaft.","og_url":"https:\/\/koschaum.de\/en\/verantwortung\/","og_site_name":"Koschaum GmbH","article_modified_time":"2023-07-17T10:04:59+00:00","og_image":[{"width":1920,"height":720,"url":"https:\/\/koschaum.de\/wp-content\/uploads\/2023\/05\/Umweltschutz.jpg","type":"image\/jpeg"}],"twitter_card":"summary_large_image","twitter_misc":{"Estimated reading time":"2 minutes"},"schema":{"@context":"https:\/\/schema.org","@graph":[{"@type":"WebPage","@id":"https:\/\/koschaum.de\/verantwortung\/","url":"https:\/\/koschaum.de\/verantwortung\/","name":"Verantwortung - Koschaum GmbH","isPartOf":{"@id":"https:\/\/koschaum.de\/#website"},"primaryImageOfPage":{"@id":"https:\/\/koschaum.de\/verantwortung\/#primaryimage"},"image":{"@id":"https:\/\/koschaum.de\/verantwortung\/#primaryimage"},"thumbnailUrl":"https:\/\/koschaum.de\/wp-content\/uploads\/2023\/05\/Umweltschutz.jpg","datePublished":"2021-03-18T16:27:37+00:00","dateModified":"2023-07-17T10:04:59+00:00","description":"We support local associations and non-profits in their valuable work for society","breadcrumb":{"@id":"https:\/\/koschaum.de\/verantwortung\/#breadcrumb"},"inLanguage":"en-GB","potentialAction":[{"@type":"ReadAction","target":["https:\/\/koschaum.de\/verantwortung\/"]}]},{"@type":"ImageObject","inLanguage":"en-GB","@id":"https:\/\/koschaum.de\/verantwortung\/#primaryimage","url":"https:\/\/koschaum.de\/wp-content\/uploads\/2023\/05\/Umweltschutz.jpg","contentUrl":"https:\/\/koschaum.de\/wp-content\/uploads\/2023\/05\/Umweltschutz.jpg","width":1920,"height":720,"caption":"Verantwortung - Koschaum GmbH"},{"@type":"BreadcrumbList","@id":"https:\/\/koschaum.de\/verantwortung\/#breadcrumb","itemListElement":[{"@type":"ListItem","position":1,"name":"Startseite","item":"https:\/\/koschaum.de\/"},{"@type":"ListItem","position":2,"name":"Verantwortung"}]},{"@type":"WebSite","@id":"https:\/\/koschaum.de\/#website","url":"https:\/\/koschaum.de\/","name":"Koschaum GmbH","description":"Koschaum","publisher":{"@id":"https:\/\/koschaum.de\/#organization"},"potentialAction":[{"@type":"SearchAction","target":{"@type":"EntryPoint","urlTemplate":"https:\/\/koschaum.de\/?s={search_term_string}"},"query-input":{"@type":"PropertyValueSpecification","valueRequired":true,"valueName":"search_term_string"}}],"inLanguage":"en-GB"},{"@type":"Organization","@id":"https:\/\/koschaum.de\/#organization","name":"Koschaum GmbH","url":"https:\/\/koschaum.de\/","logo":{"@type":"ImageObject","inLanguage":"en-GB","@id":"https:\/\/koschaum.de\/#\/schema\/logo\/image\/","url":"https:\/\/koschaum.de\/wp-content\/uploads\/2021\/03\/Koschaum_Logo_mobil_retina.png","contentUrl":"https:\/\/koschaum.de\/wp-content\/uploads\/2021\/03\/Koschaum_Logo_mobil_retina.png","width":400,"height":115,"caption":"Koschaum GmbH"},"image":{"@id":"https:\/\/koschaum.de\/#\/schema\/logo\/image\/"}}]}},"_links":{"self":[{"href":"https:\/\/koschaum.de\/en\/wp-json\/wp\/v2\/pages\/3421","targetHints":{"allow":["GET"]}}],"collection":[{"href":"https:\/\/koschaum.de\/en\/wp-json\/wp\/v2\/pages"}],"about":[{"href":"https:\/\/koschaum.de\/en\/wp-json\/wp\/v2\/types\/page"}],"author":[{"embeddable":true,"href":"https:\/\/koschaum.de\/en\/wp-json\/wp\/v2\/users\/1"}],"replies":[{"embeddable":true,"href":"https:\/\/koschaum.de\/en\/wp-json\/wp\/v2\/comments?post=3421"}],"version-history":[{"count":0,"href":"https:\/\/koschaum.de\/en\/wp-json\/wp\/v2\/pages\/3421\/revisions"}],"wp:featuredmedia":[{"embeddable":true,"href":"https:\/\/koschaum.de\/en\/wp-json\/wp\/v2\/media\/4051"}],"wp:attachment":[{"href":"https:\/\/koschaum.de\/en\/wp-json\/wp\/v2\/media?parent=3421"}],"curies":[{"name":"wp","href":"https:\/\/api.w.org\/{rel}","templated":true}]}}