{"id":3432,"date":"2021-03-18T17:30:31","date_gmt":"2021-03-18T16:30:31","guid":{"rendered":"https:\/\/koschaum.de\/koschaumneu\/?page_id=3432"},"modified":"2023-07-17T16:57:07","modified_gmt":"2023-07-17T14:57:07","slug":"packaging","status":"publish","type":"page","link":"https:\/\/koschaum.de\/en\/packaging\/","title":{"rendered":"Packaging"},"content":{"rendered":"<div class=\"fusion-fullwidth fullwidth-box fusion-builder-row-1 fusion-flex-container nonhundred-percent-fullwidth non-hundred-percent-height-scrolling\" style=\"--awb-border-radius-top-left:0px;--awb-border-radius-top-right:0px;--awb-border-radius-bottom-right:0px;--awb-border-radius-bottom-left:0px;\" ><div class=\"fusion-builder-row fusion-row fusion-flex-align-items-center fusion-flex-justify-content-center\" style=\"max-width:1289.6px;margin-left: calc(-4% \/ 2 );margin-right: calc(-4% \/ 2 );\"><div class=\"fusion-layout-column fusion_builder_column fusion-builder-column-0 fusion_builder_column_3_5 3_5 fusion-flex-column fusion-flex-align-self-stretch\" style=\"--awb-padding-right:15px;--awb-padding-right-medium:0px;--awb-padding-right-small:0px;--awb-bg-size:cover;--awb-width-large:60%;--awb-margin-top-large:0px;--awb-spacing-right-large:3.2%;--awb-margin-bottom-large:20px;--awb-spacing-left-large:3.2%;--awb-width-medium:100%;--awb-order-medium:0;--awb-spacing-right-medium:1.92%;--awb-spacing-left-medium:1.92%;--awb-width-small:100%;--awb-order-small:0;--awb-spacing-right-small:1.92%;--awb-spacing-left-small:1.92%;\"><div class=\"fusion-column-wrapper fusion-column-has-shadow fusion-flex-justify-content-center fusion-content-layout-column\"><div class=\"fusion-title title fusion-title-1 fusion-title-text fusion-title-size-two\" style=\"--awb-text-color:#009fe3;--awb-margin-bottom:15px;--awb-font-size:28px;\"><div class=\"title-sep-container title-sep-container-left fusion-no-large-visibility fusion-no-medium-visibility fusion-no-small-visibility\"><div class=\"title-sep sep- sep-solid\" style=\"border-color:#e2e2e2;\"><\/div><\/div><span class=\"awb-title-spacer fusion-no-large-visibility fusion-no-medium-visibility fusion-no-small-visibility\"><\/span><h2 class=\"title-heading-left fusion-responsive-typography-calculated\" style=\"margin:0;font-size:1em;--fontSize:28;line-height:1.4;\"><span style=\"font-family: Open Sans;\">Packaging<\/span><\/h2><span class=\"awb-title-spacer\"><\/span><div class=\"title-sep-container title-sep-container-right\"><div class=\"title-sep sep- sep-solid\" style=\"border-color:#e2e2e2;\"><\/div><\/div><\/div><div class=\"fusion-text fusion-text-1\"><p>Beautiful packaging enhances any gift. This is exactly why our customers rely on flocked foams and films for the production of inlays for jewelry cases and boxes.<\/p>\n<p>Would you like to talk about the possibilities of flocking on your packaging project? Feel free to contact us via our contact foam.<\/p>\n<\/div><div ><a class=\"fusion-button button-flat fusion-button-default-size button-default fusion-button-default button-1 fusion-button-default-span fusion-button-default-type\" target=\"_self\" href=\"https:\/\/koschaum.de\/en\/kontakt\/\"><span class=\"fusion-button-text\">Contact form<\/span><\/a><\/div><\/div><\/div><div class=\"fusion-layout-column fusion_builder_column fusion-builder-column-1 fusion_builder_column_2_5 2_5 fusion-flex-column fusion-flex-align-self-stretch\" style=\"--awb-padding-top:5px;--awb-padding-right:5px;--awb-padding-left:5px;--awb-bg-size:cover;--awb-box-shadow:0px 0px 30px 0px rgba(0,0,0,0.2);;--awb-width-large:40%;--awb-margin-top-large:0px;--awb-spacing-right-large:4.8%;--awb-margin-bottom-large:20px;--awb-spacing-left-large:0%;--awb-width-medium:100%;--awb-order-medium:0;--awb-spacing-right-medium:1.92%;--awb-spacing-left-medium:1.92%;--awb-width-small:100%;--awb-order-small:0;--awb-spacing-right-small:1.92%;--awb-spacing-left-small:1.92%;\"><div class=\"fusion-column-wrapper fusion-column-has-shadow fusion-flex-justify-content-flex-start fusion-content-layout-column\"><div class=\"fusion-slider-sc\"><div class=\"fusion-flexslider-loading flexslider flexslider-hover-type-none\" data-slideshow_autoplay=\"1\" data-slideshow_smooth_height=\"0\" data-slideshow_speed=\"7000\" style=\"max-width:100%;height:100%;\"><ul class=\"slides\"><li class=\"image\"><span class=\"fusion-image-hover-element hover-type-none\"><img decoding=\"async\" src=\"https:\/\/koschaum.de\/wp-content\/uploads\/2021\/04\/luxurypackaging_2.jpeg\" width=\"1200\" height=\"900\" class=\"wp-image-3727\" srcset=\"https:\/\/koschaum.de\/wp-content\/uploads\/2021\/04\/luxurypackaging_2-200x150.jpeg 200w, https:\/\/koschaum.de\/wp-content\/uploads\/2021\/04\/luxurypackaging_2-400x300.jpeg 400w, https:\/\/koschaum.de\/wp-content\/uploads\/2021\/04\/luxurypackaging_2-600x450.jpeg 600w, https:\/\/koschaum.de\/wp-content\/uploads\/2021\/04\/luxurypackaging_2-800x600.jpeg 800w, https:\/\/koschaum.de\/wp-content\/uploads\/2021\/04\/luxurypackaging_2.jpeg 1200w\" sizes=\"(max-width: 1024px) 100vw, (max-width: 640px) 100vw, 600px\" \/><\/span><\/li><li class=\"image\"><span class=\"fusion-image-hover-element hover-type-none\"><img decoding=\"async\" src=\"https:\/\/koschaum.de\/wp-content\/uploads\/2021\/04\/luxurypackaging_3.jpeg\" width=\"1200\" height=\"900\" class=\"wp-image-3728\" srcset=\"https:\/\/koschaum.de\/wp-content\/uploads\/2021\/04\/luxurypackaging_3-200x150.jpeg 200w, https:\/\/koschaum.de\/wp-content\/uploads\/2021\/04\/luxurypackaging_3-400x300.jpeg 400w, https:\/\/koschaum.de\/wp-content\/uploads\/2021\/04\/luxurypackaging_3-600x450.jpeg 600w, https:\/\/koschaum.de\/wp-content\/uploads\/2021\/04\/luxurypackaging_3-800x600.jpeg 800w, https:\/\/koschaum.de\/wp-content\/uploads\/2021\/04\/luxurypackaging_3.jpeg 1200w\" sizes=\"(max-width: 1024px) 100vw, (max-width: 640px) 100vw, 600px\" \/><\/span><\/li><li class=\"image\"><span class=\"fusion-image-hover-element hover-type-none\"><img decoding=\"async\" src=\"https:\/\/koschaum.de\/wp-content\/uploads\/2021\/04\/luxurypackaging_4.jpeg\" width=\"1200\" height=\"900\" class=\"wp-image-3729\" srcset=\"https:\/\/koschaum.de\/wp-content\/uploads\/2021\/04\/luxurypackaging_4-200x150.jpeg 200w, https:\/\/koschaum.de\/wp-content\/uploads\/2021\/04\/luxurypackaging_4-400x300.jpeg 400w, https:\/\/koschaum.de\/wp-content\/uploads\/2021\/04\/luxurypackaging_4-600x450.jpeg 600w, https:\/\/koschaum.de\/wp-content\/uploads\/2021\/04\/luxurypackaging_4-800x600.jpeg 800w, https:\/\/koschaum.de\/wp-content\/uploads\/2021\/04\/luxurypackaging_4.jpeg 1200w\" sizes=\"(max-width: 1024px) 100vw, (max-width: 640px) 100vw, 600px\" \/><\/span><\/li><\/ul><\/div><\/div><\/div><\/div><\/div><\/div>","protected":false},"excerpt":{"rendered":"","protected":false},"author":1,"featured_media":0,"parent":0,"menu_order":0,"comment_status":"closed","ping_status":"closed","template":"","meta":{"footnotes":""},"class_list":["post-3432","page","type-page","status-publish","hentry"],"yoast_head":"<!-- This site is optimized with the Yoast SEO plugin v26.9 - https:\/\/yoast.com\/product\/yoast-seo-wordpress\/ -->\n<title>Packaging - Koschaum GmbH<\/title>\n<meta name=\"description\" content=\"Sie m\u00f6chten \u00fcber die M\u00f6glichkeiten der Beflockung in Ihrem Packaging-Projekt sprechen? Kontaktieren Sie uns gerne\" \/>\n<meta name=\"robots\" content=\"index, follow, max-snippet:-1, max-image-preview:large, max-video-preview:-1\" \/>\n<link rel=\"canonical\" href=\"https:\/\/koschaum.de\/en\/packaging\/\" \/>\n<meta property=\"og:locale\" content=\"en_GB\" \/>\n<meta property=\"og:type\" content=\"article\" \/>\n<meta property=\"og:title\" content=\"Packaging - Koschaum GmbH\" \/>\n<meta property=\"og:description\" content=\"Sie m\u00f6chten \u00fcber die M\u00f6glichkeiten der Beflockung in Ihrem Packaging-Projekt sprechen? Kontaktieren Sie uns gerne\" \/>\n<meta property=\"og:url\" content=\"https:\/\/koschaum.de\/en\/packaging\/\" \/>\n<meta property=\"og:site_name\" content=\"Koschaum GmbH\" \/>\n<meta property=\"article:modified_time\" content=\"2023-07-17T14:57:07+00:00\" \/>\n<meta property=\"og:image\" content=\"https:\/\/koschaum.de\/wp-content\/uploads\/2021\/03\/industrialsupplying_4.jpeg\" \/>\n\t<meta property=\"og:image:width\" content=\"1920\" \/>\n\t<meta property=\"og:image:height\" content=\"963\" \/>\n\t<meta property=\"og:image:type\" content=\"image\/jpeg\" \/>\n<meta name=\"twitter:card\" content=\"summary_large_image\" \/>\n<meta name=\"twitter:label1\" content=\"Estimated reading time\" \/>\n\t<meta name=\"twitter:data1\" content=\"2 minutes\" \/>\n<script type=\"application\/ld+json\" class=\"yoast-schema-graph\">{\"@context\":\"https:\/\/schema.org\",\"@graph\":[{\"@type\":\"WebPage\",\"@id\":\"https:\/\/koschaum.de\/packaging\/\",\"url\":\"https:\/\/koschaum.de\/packaging\/\",\"name\":\"Packaging - Koschaum GmbH\",\"isPartOf\":{\"@id\":\"https:\/\/koschaum.de\/#website\"},\"datePublished\":\"2021-03-18T16:30:31+00:00\",\"dateModified\":\"2023-07-17T14:57:07+00:00\",\"description\":\"Sie m\u00f6chten \u00fcber die M\u00f6glichkeiten der Beflockung in Ihrem Packaging-Projekt sprechen? Kontaktieren Sie uns gerne\",\"breadcrumb\":{\"@id\":\"https:\/\/koschaum.de\/packaging\/#breadcrumb\"},\"inLanguage\":\"en-GB\",\"potentialAction\":[{\"@type\":\"ReadAction\",\"target\":[\"https:\/\/koschaum.de\/packaging\/\"]}]},{\"@type\":\"BreadcrumbList\",\"@id\":\"https:\/\/koschaum.de\/packaging\/#breadcrumb\",\"itemListElement\":[{\"@type\":\"ListItem\",\"position\":1,\"name\":\"Startseite\",\"item\":\"https:\/\/koschaum.de\/\"},{\"@type\":\"ListItem\",\"position\":2,\"name\":\"Packaging\"}]},{\"@type\":\"WebSite\",\"@id\":\"https:\/\/koschaum.de\/#website\",\"url\":\"https:\/\/koschaum.de\/\",\"name\":\"Koschaum GmbH\",\"description\":\"Koschaum\",\"publisher\":{\"@id\":\"https:\/\/koschaum.de\/#organization\"},\"potentialAction\":[{\"@type\":\"SearchAction\",\"target\":{\"@type\":\"EntryPoint\",\"urlTemplate\":\"https:\/\/koschaum.de\/?s={search_term_string}\"},\"query-input\":{\"@type\":\"PropertyValueSpecification\",\"valueRequired\":true,\"valueName\":\"search_term_string\"}}],\"inLanguage\":\"en-GB\"},{\"@type\":\"Organization\",\"@id\":\"https:\/\/koschaum.de\/#organization\",\"name\":\"Koschaum GmbH\",\"url\":\"https:\/\/koschaum.de\/\",\"logo\":{\"@type\":\"ImageObject\",\"inLanguage\":\"en-GB\",\"@id\":\"https:\/\/koschaum.de\/#\/schema\/logo\/image\/\",\"url\":\"https:\/\/koschaum.de\/wp-content\/uploads\/2021\/03\/Koschaum_Logo_mobil_retina.png\",\"contentUrl\":\"https:\/\/koschaum.de\/wp-content\/uploads\/2021\/03\/Koschaum_Logo_mobil_retina.png\",\"width\":400,\"height\":115,\"caption\":\"Koschaum GmbH\"},\"image\":{\"@id\":\"https:\/\/koschaum.de\/#\/schema\/logo\/image\/\"}}]}<\/script>\n<!-- \/ Yoast SEO plugin. -->","yoast_head_json":{"title":"Packaging - Koschaum GmbH","description":"Sie m\u00f6chten \u00fcber die M\u00f6glichkeiten der Beflockung in Ihrem Packaging-Projekt sprechen? Kontaktieren Sie uns gerne","robots":{"index":"index","follow":"follow","max-snippet":"max-snippet:-1","max-image-preview":"max-image-preview:large","max-video-preview":"max-video-preview:-1"},"canonical":"https:\/\/koschaum.de\/en\/packaging\/","og_locale":"en_GB","og_type":"article","og_title":"Packaging - Koschaum GmbH","og_description":"Sie m\u00f6chten \u00fcber die M\u00f6glichkeiten der Beflockung in Ihrem Packaging-Projekt sprechen? Kontaktieren Sie uns gerne","og_url":"https:\/\/koschaum.de\/en\/packaging\/","og_site_name":"Koschaum GmbH","article_modified_time":"2023-07-17T14:57:07+00:00","og_image":[{"width":1920,"height":963,"url":"https:\/\/koschaum.de\/wp-content\/uploads\/2021\/03\/industrialsupplying_4.jpeg","type":"image\/jpeg"}],"twitter_card":"summary_large_image","twitter_misc":{"Estimated reading time":"2 minutes"},"schema":{"@context":"https:\/\/schema.org","@graph":[{"@type":"WebPage","@id":"https:\/\/koschaum.de\/packaging\/","url":"https:\/\/koschaum.de\/packaging\/","name":"Packaging - Koschaum GmbH","isPartOf":{"@id":"https:\/\/koschaum.de\/#website"},"datePublished":"2021-03-18T16:30:31+00:00","dateModified":"2023-07-17T14:57:07+00:00","description":"Sie m\u00f6chten \u00fcber die M\u00f6glichkeiten der Beflockung in Ihrem Packaging-Projekt sprechen? Kontaktieren Sie uns gerne","breadcrumb":{"@id":"https:\/\/koschaum.de\/packaging\/#breadcrumb"},"inLanguage":"en-GB","potentialAction":[{"@type":"ReadAction","target":["https:\/\/koschaum.de\/packaging\/"]}]},{"@type":"BreadcrumbList","@id":"https:\/\/koschaum.de\/packaging\/#breadcrumb","itemListElement":[{"@type":"ListItem","position":1,"name":"Startseite","item":"https:\/\/koschaum.de\/"},{"@type":"ListItem","position":2,"name":"Packaging"}]},{"@type":"WebSite","@id":"https:\/\/koschaum.de\/#website","url":"https:\/\/koschaum.de\/","name":"Koschaum GmbH","description":"Koschaum","publisher":{"@id":"https:\/\/koschaum.de\/#organization"},"potentialAction":[{"@type":"SearchAction","target":{"@type":"EntryPoint","urlTemplate":"https:\/\/koschaum.de\/?s={search_term_string}"},"query-input":{"@type":"PropertyValueSpecification","valueRequired":true,"valueName":"search_term_string"}}],"inLanguage":"en-GB"},{"@type":"Organization","@id":"https:\/\/koschaum.de\/#organization","name":"Koschaum GmbH","url":"https:\/\/koschaum.de\/","logo":{"@type":"ImageObject","inLanguage":"en-GB","@id":"https:\/\/koschaum.de\/#\/schema\/logo\/image\/","url":"https:\/\/koschaum.de\/wp-content\/uploads\/2021\/03\/Koschaum_Logo_mobil_retina.png","contentUrl":"https:\/\/koschaum.de\/wp-content\/uploads\/2021\/03\/Koschaum_Logo_mobil_retina.png","width":400,"height":115,"caption":"Koschaum GmbH"},"image":{"@id":"https:\/\/koschaum.de\/#\/schema\/logo\/image\/"}}]}},"_links":{"self":[{"href":"https:\/\/koschaum.de\/en\/wp-json\/wp\/v2\/pages\/3432","targetHints":{"allow":["GET"]}}],"collection":[{"href":"https:\/\/koschaum.de\/en\/wp-json\/wp\/v2\/pages"}],"about":[{"href":"https:\/\/koschaum.de\/en\/wp-json\/wp\/v2\/types\/page"}],"author":[{"embeddable":true,"href":"https:\/\/koschaum.de\/en\/wp-json\/wp\/v2\/users\/1"}],"replies":[{"embeddable":true,"href":"https:\/\/koschaum.de\/en\/wp-json\/wp\/v2\/comments?post=3432"}],"version-history":[{"count":0,"href":"https:\/\/koschaum.de\/en\/wp-json\/wp\/v2\/pages\/3432\/revisions"}],"wp:attachment":[{"href":"https:\/\/koschaum.de\/en\/wp-json\/wp\/v2\/media?parent=3432"}],"curies":[{"name":"wp","href":"https:\/\/api.w.org\/{rel}","templated":true}]}}